{"id":9,"date":"2013-10-14T16:03:19","date_gmt":"2013-10-14T14:03:19","guid":{"rendered":"http:\/\/salvucci.arbua.it\/?page_id=9"},"modified":"2023-04-14T18:21:38","modified_gmt":"2023-04-14T16:21:38","slug":"lo-studio","status":"publish","type":"page","link":"https:\/\/studiosalvuccigiuseppe.it\/","title":{"rendered":"Lo Studio"},"content":{"rendered":"<p>lo Studio Salvucci \u00e8 uno <strong>Studio Commerciale<\/strong> presente in <strong>Civitanova Marche<\/strong> dal 1998.<br \/>\nI collaboratori dello studio, tutti <strong>Dottori Commercialisti<\/strong>, &nbsp;hanno una profonda conoscenza della normativa tributaria e sono esperti nella consulenza societaria e aziendale.<br \/>\nOffriamo servizi di alta qualit\u00e0, grazie alla nostra pluriennale esperienza, operando con la massima professionalit\u00e0 e seriet\u00e0 e instaurando un rapporto di fiducia e collaborazione con i clienti.<\/p>\n<p><a href=\"https:\/\/www.facebook.com\/studiosalvuccigiuseppe\/\">https:\/\/www.facebook.com\/studiosalvuccigiuseppe\/<\/a><\/p>\n","protected":false},"excerpt":{"rendered":"<p>lo Studio Salvucci \u00e8 uno Studio Commerciale presente in Civitanova Marche dal 1998. I collaboratori dello studio, tutti Dottori Commercialisti, &nbsp;hanno una profonda conoscenza della normativa tributaria e sono esperti [&hellip;]<\/p>\n","protected":false},"author":2,"featured_media":0,"parent":0,"menu_order":0,"comment_status":"closed","ping_status":"closed","template":"template-slideviewer.php","meta":{"footnotes":""},"class_list":["post-9","page","type-page","status-publish","hentry"],"yoast_head":"<!-- This site is optimized with the Yoast SEO plugin v25.1 - https:\/\/yoast.com\/wordpress\/plugins\/seo\/ -->\n<title>Studio Commerciale Civitanova Marche | Dottore commercialista Salvucci Giuseppe<\/title>\n<meta name=\"description\" content=\"Studio Commerciale Civitanova Marche dal 1998 esperti nella consulenza aziendale e fiscale, nell&#039;Internazionalizzazione e ristrutturazione aziendali\" \/>\n<meta name=\"robots\" content=\"index, follow, max-snippet:-1, max-image-preview:large, max-video-preview:-1\" \/>\n<link rel=\"canonical\" href=\"https:\/\/studiosalvuccigiuseppe.it\/\" \/>\n<meta property=\"og:locale\" content=\"it_IT\" \/>\n<meta property=\"og:type\" content=\"article\" \/>\n<meta property=\"og:title\" content=\"Studio Commerciale Civitanova Marche | Dottore commercialista Salvucci Giuseppe\" \/>\n<meta property=\"og:description\" content=\"Studio Commerciale Civitanova Marche dal 1998 esperti nella consulenza aziendale e fiscale, nell&#039;Internazionalizzazione e ristrutturazione aziendali\" \/>\n<meta property=\"og:url\" content=\"https:\/\/studiosalvuccigiuseppe.it\/\" \/>\n<meta property=\"og:site_name\" content=\"Studio Commerciale Civitanova Marche | Salvucci Giuseppe\" \/>\n<meta property=\"article:publisher\" content=\"https:\/\/www.facebook.com\/studiosalvuccigiuseppe\/\" \/>\n<meta property=\"article:modified_time\" content=\"2023-04-14T16:21:38+00:00\" \/>\n<script type=\"application\/ld+json\" class=\"yoast-schema-graph\">{\"@context\":\"https:\/\/schema.org\",\"@graph\":[{\"@type\":\"WebPage\",\"@id\":\"https:\/\/studiosalvuccigiuseppe.it\/\",\"url\":\"https:\/\/studiosalvuccigiuseppe.it\/\",\"name\":\"Studio Commerciale Civitanova Marche | Dottore commercialista Salvucci Giuseppe\",\"isPartOf\":{\"@id\":\"https:\/\/studiosalvuccigiuseppe.it\/#website\"},\"datePublished\":\"2013-10-14T14:03:19+00:00\",\"dateModified\":\"2023-04-14T16:21:38+00:00\",\"description\":\"Studio Commerciale Civitanova Marche dal 1998 esperti nella consulenza aziendale e fiscale, nell'Internazionalizzazione e ristrutturazione aziendali\",\"breadcrumb\":{\"@id\":\"https:\/\/studiosalvuccigiuseppe.it\/#breadcrumb\"},\"inLanguage\":\"it-IT\",\"potentialAction\":[{\"@type\":\"ReadAction\",\"target\":[\"https:\/\/studiosalvuccigiuseppe.it\/\"]}]},{\"@type\":\"BreadcrumbList\",\"@id\":\"https:\/\/studiosalvuccigiuseppe.it\/#breadcrumb\",\"itemListElement\":[{\"@type\":\"ListItem\",\"position\":1,\"name\":\"Home\",\"item\":\"https:\/\/studiosalvuccigiuseppe.it\/\"},{\"@type\":\"ListItem\",\"position\":2,\"name\":\"Lo Studio\"}]},{\"@type\":\"WebSite\",\"@id\":\"https:\/\/studiosalvuccigiuseppe.it\/#website\",\"url\":\"https:\/\/studiosalvuccigiuseppe.it\/\",\"name\":\"Studio Commerciale Civitanova Marche | Salvucci Giuseppe\",\"description\":\"\",\"potentialAction\":[{\"@type\":\"SearchAction\",\"target\":{\"@type\":\"EntryPoint\",\"urlTemplate\":\"https:\/\/studiosalvuccigiuseppe.it\/?s={search_term_string}\"},\"query-input\":{\"@type\":\"PropertyValueSpecification\",\"valueRequired\":true,\"valueName\":\"search_term_string\"}}],\"inLanguage\":\"it-IT\"}]}<\/script>\n<!-- \/ Yoast SEO plugin. -->","yoast_head_json":{"title":"Studio Commerciale Civitanova Marche | Dottore commercialista Salvucci Giuseppe","description":"Studio Commerciale Civitanova Marche dal 1998 esperti nella consulenza aziendale e fiscale, nell'Internazionalizzazione e ristrutturazione aziendali","robots":{"index":"index","follow":"follow","max-snippet":"max-snippet:-1","max-image-preview":"max-image-preview:large","max-video-preview":"max-video-preview:-1"},"canonical":"https:\/\/studiosalvuccigiuseppe.it\/","og_locale":"it_IT","og_type":"article","og_title":"Studio Commerciale Civitanova Marche | Dottore commercialista Salvucci Giuseppe","og_description":"Studio Commerciale Civitanova Marche dal 1998 esperti nella consulenza aziendale e fiscale, nell'Internazionalizzazione e ristrutturazione aziendali","og_url":"https:\/\/studiosalvuccigiuseppe.it\/","og_site_name":"Studio Commerciale Civitanova Marche | Salvucci Giuseppe","article_publisher":"https:\/\/www.facebook.com\/studiosalvuccigiuseppe\/","article_modified_time":"2023-04-14T16:21:38+00:00","schema":{"@context":"https:\/\/schema.org","@graph":[{"@type":"WebPage","@id":"https:\/\/studiosalvuccigiuseppe.it\/","url":"https:\/\/studiosalvuccigiuseppe.it\/","name":"Studio Commerciale Civitanova Marche | Dottore commercialista Salvucci Giuseppe","isPartOf":{"@id":"https:\/\/studiosalvuccigiuseppe.it\/#website"},"datePublished":"2013-10-14T14:03:19+00:00","dateModified":"2023-04-14T16:21:38+00:00","description":"Studio Commerciale Civitanova Marche dal 1998 esperti nella consulenza aziendale e fiscale, nell'Internazionalizzazione e ristrutturazione aziendali","breadcrumb":{"@id":"https:\/\/studiosalvuccigiuseppe.it\/#breadcrumb"},"inLanguage":"it-IT","potentialAction":[{"@type":"ReadAction","target":["https:\/\/studiosalvuccigiuseppe.it\/"]}]},{"@type":"BreadcrumbList","@id":"https:\/\/studiosalvuccigiuseppe.it\/#breadcrumb","itemListElement":[{"@type":"ListItem","position":1,"name":"Home","item":"https:\/\/studiosalvuccigiuseppe.it\/"},{"@type":"ListItem","position":2,"name":"Lo Studio"}]},{"@type":"WebSite","@id":"https:\/\/studiosalvuccigiuseppe.it\/#website","url":"https:\/\/studiosalvuccigiuseppe.it\/","name":"Studio Commerciale Civitanova Marche | Salvucci Giuseppe","description":"","potentialAction":[{"@type":"SearchAction","target":{"@type":"EntryPoint","urlTemplate":"https:\/\/studiosalvuccigiuseppe.it\/?s={search_term_string}"},"query-input":{"@type":"PropertyValueSpecification","valueRequired":true,"valueName":"search_term_string"}}],"inLanguage":"it-IT"}]}},"_links":{"self":[{"href":"https:\/\/studiosalvuccigiuseppe.it\/index.php?rest_route=\/wp\/v2\/pages\/9","targetHints":{"allow":["GET"]}}],"collection":[{"href":"https:\/\/studiosalvuccigiuseppe.it\/index.php?rest_route=\/wp\/v2\/pages"}],"about":[{"href":"https:\/\/studiosalvuccigiuseppe.it\/index.php?rest_route=\/wp\/v2\/types\/page"}],"author":[{"embeddable":true,"href":"https:\/\/studiosalvuccigiuseppe.it\/index.php?rest_route=\/wp\/v2\/users\/2"}],"replies":[{"embeddable":true,"href":"https:\/\/studiosalvuccigiuseppe.it\/index.php?rest_route=%2Fwp%2Fv2%2Fcomments&post=9"}],"version-history":[{"count":2,"href":"https:\/\/studiosalvuccigiuseppe.it\/index.php?rest_route=\/wp\/v2\/pages\/9\/revisions"}],"predecessor-version":[{"id":34,"href":"https:\/\/studiosalvuccigiuseppe.it\/index.php?rest_route=\/wp\/v2\/pages\/9\/revisions\/34"}],"wp:attachment":[{"href":"https:\/\/studiosalvuccigiuseppe.it\/index.php?rest_route=%2Fwp%2Fv2%2Fmedia&parent=9"}],"curies":[{"name":"wp","href":"https:\/\/api.w.org\/{rel}","templated":true}]}}